{"id":1129,"date":"2025-08-26T13:44:47","date_gmt":"2025-08-26T13:44:47","guid":{"rendered":"https:\/\/happycoincidences.com\/politica-de-privacidade\/"},"modified":"2025-09-17T15:11:07","modified_gmt":"2025-09-17T15:11:07","slug":"politica-de-privacidade","status":"publish","type":"page","link":"https:\/\/happycoincidences.com\/pt-pt\/politica-de-privacidade\/","title":{"rendered":"Pol\u00edtica de Privacidade"},"content":{"rendered":"\r\n<h2 class=\"wp-block-heading\">Quem somos<\/h2>\r\n\r\n\r\n\r\n<p><strong class=\"privacy-policy-tutorial\">Texto sugerido: <\/strong>O endere\u00e7o do nosso website \u00e9: https:\/\/happycoincidences.com.<\/p>\r\n\r\n\r\n\r\n<h2 class=\"wp-block-heading\">Coment\u00e1rios<\/h2>\r\n\r\n\r\n\r\n<p><strong class=\"privacy-policy-tutorial\">Texto sugerido: <\/strong>Quando os visitantes deixam coment\u00e1rios no site, recolhemos os dados mostrados no formul\u00e1rio de coment\u00e1rios, bem como o endere\u00e7o IP do visitante e a string do agente do browser para ajudar na dete\u00e7\u00e3o de spam.<\/p>\r\n\r\n\r\n\r\n<p>Uma string anonimizada criada a partir do teu endere\u00e7o de email (tamb\u00e9m chamada hash) pode ser fornecida ao servi\u00e7o Gravatar para ver se o est\u00e1s a usar. A pol\u00edtica de privacidade do servi\u00e7o Gravatar est\u00e1 dispon\u00edvel aqui: https:\/\/automattic.com\/privacy\/. Ap\u00f3s a aprova\u00e7\u00e3o do teu coment\u00e1rio, a tua foto de perfil fica vis\u00edvel ao p\u00fablico no contexto do teu coment\u00e1rio.<\/p>\r\n\r\n\r\n\r\n<h2 class=\"wp-block-heading\">Multim\u00e9dia<\/h2>\r\n\r\n\r\n\r\n<p><strong class=\"privacy-policy-tutorial\">Texto sugerido: <\/strong>Se carregares imagens para o website, deves evitar carregar imagens com dados de localiza\u00e7\u00e3o incorporados (EXIF GPS) inclu\u00eddos. Os visitantes do website podem descarregar e extrair quaisquer dados de localiza\u00e7\u00e3o das imagens no website.<\/p>\r\n\r\n\r\n\r\n<h2 class=\"wp-block-heading\">Cookies<\/h2>\r\n\r\n\r\n\r\n<p><strong class=\"privacy-policy-tutorial\">Texto sugerido: <\/strong>Se deixares um coment\u00e1rio no nosso site, podes optar por guardar o teu nome, endere\u00e7o de email e website em cookies. Estes s\u00e3o para a tua conveni\u00eancia para que n\u00e3o tenhas de preencher os teus dados novamente quando deixares outro coment\u00e1rio. Estes cookies durar\u00e3o um ano.<\/p>\r\n\r\n\r\n\r\n<p>Se visitares a nossa p\u00e1gina de login, definiremos um cookie tempor\u00e1rio para determinar se o teu browser aceita cookies. Este cookie n\u00e3o cont\u00e9m dados pessoais e \u00e9 descartado quando fechas o teu browser.<\/p>\r\n\r\n\r\n\r\n<p>Quando fazes login, tamb\u00e9m configuraremos v\u00e1rios cookies para guardar as tuas informa\u00e7\u00f5es de login e as tuas escolhas de exibi\u00e7\u00e3o do ecr\u00e3. Os cookies de login duram dois dias, e os cookies de op\u00e7\u00f5es de ecr\u00e3 duram um ano. Se selecionares &#8220;Lembrar-me&#8221;, o teu login persistir\u00e1 por duas semanas. Se fizeres logout da tua conta, os cookies de login ser\u00e3o removidos.<\/p>\r\n\r\n\r\n\r\n<p>Se editares ou publicares um artigo, um cookie adicional ser\u00e1 guardado no teu browser. Este cookie n\u00e3o inclui dados pessoais e simplesmente indica o ID da publica\u00e7\u00e3o do artigo que acabaste de editar. Expira ap\u00f3s 1 dia.<\/p>\r\n\r\n\r\n\r\n<h2 class=\"wp-block-heading\">Conte\u00fado incorporado de outros websites<\/h2>\r\n\r\n\r\n\r\n<p><strong class=\"privacy-policy-tutorial\">Texto sugerido: <\/strong>Os artigos neste site podem incluir conte\u00fado incorporado (por exemplo, v\u00eddeos, imagens, artigos, etc.). O conte\u00fado incorporado de outros websites comporta-se exatamente da mesma forma como se o visitante tivesse visitado o outro website.<\/p>\r\n\r\n\r\n\r\n<p>Estes websites podem recolher dados sobre ti, usar cookies, incorporar rastreamento adicional de terceiros e monitorizar a tua intera\u00e7\u00e3o com esse conte\u00fado incorporado, incluindo rastrear a tua intera\u00e7\u00e3o com o conte\u00fado incorporado se tiveres uma conta e estiveres logado nesse website.<\/p>\r\n\r\n\r\n\r\n<h2 class=\"wp-block-heading\">Com quem partilhamos os teus dados<\/h2>\r\n\r\n\r\n\r\n<p><strong class=\"privacy-policy-tutorial\">Texto sugerido: <\/strong>Se solicitares uma redefini\u00e7\u00e3o de palavra-passe, o teu endere\u00e7o IP ser\u00e1 inclu\u00eddo no email de redefini\u00e7\u00e3o.<\/p>\r\n\r\n\r\n\r\n<h2 class=\"wp-block-heading\">Por quanto tempo retemos os teus dados<\/h2>\r\n\r\n\r\n\r\n<p><strong class=\"privacy-policy-tutorial\">Texto sugerido: <\/strong>Se deixares um coment\u00e1rio, o coment\u00e1rio e os seus metadados s\u00e3o retidos indefinidamente. Isto \u00e9 para que possamos reconhecer e aprovar automaticamente quaisquer coment\u00e1rios de seguimento em vez de os manter numa fila de modera\u00e7\u00e3o.<\/p>\r\n\r\n\r\n\r\n<p>Para utilizadores que se registam no nosso website (se houver), tamb\u00e9m armazenamos as informa\u00e7\u00f5es pessoais que fornecem no seu perfil de utilizador. Todos os utilizadores podem ver, editar ou eliminar as suas informa\u00e7\u00f5es pessoais a qualquer momento (exceto que n\u00e3o podem alterar o seu nome de utilizador). Os administradores do website tamb\u00e9m podem ver e editar essas informa\u00e7\u00f5es.<\/p>\r\n\r\n\r\n\r\n<h2 class=\"wp-block-heading\">Que direitos tens sobre os teus dados<\/h2>\r\n\r\n\r\n\r\n<p><strong class=\"privacy-policy-tutorial\">Texto sugerido: <\/strong>Se tiveres uma conta neste site, ou tiveres deixado coment\u00e1rios, podes solicitar para receber um ficheiro exportado dos dados pessoais que temos sobre ti, incluindo quaisquer dados que nos tenhas fornecido. Tamb\u00e9m podes solicitar que apaguemos quaisquer dados pessoais que tenhamos sobre ti. Isto n\u00e3o inclui quaisquer dados que somos obrigados a manter para fins administrativos, legais ou de seguran\u00e7a.<\/p>\r\n\r\n\r\n\r\n<h2 class=\"wp-block-heading\">Para onde os teus dados s\u00e3o enviados<\/h2>\r\n\r\n\r\n\r\n<p><strong class=\"privacy-policy-tutorial\">Texto sugerido: <\/strong>Os coment\u00e1rios dos visitantes podem ser verificados atrav\u00e9s de um servi\u00e7o automatizado de dete\u00e7\u00e3o de spam.<\/p>\r\n\r\n<p>&nbsp;<\/p>","protected":false},"excerpt":{"rendered":"<p>Quem somos Texto sugerido: O endere\u00e7o do nosso website \u00e9: https:\/\/happycoincidences.com. Coment\u00e1rios Texto sugerido: Quando os visitantes deixam coment\u00e1rios no site, recolhemos os dados mostrados no formul\u00e1rio de coment\u00e1rios, bem&#8230;<\/p>\n","protected":false},"author":1,"featured_media":973,"parent":0,"menu_order":0,"comment_status":"closed","ping_status":"closed","template":"","meta":{"inline_featured_image":false,"footnotes":""},"class_list":["post-1129","page","type-page","status-publish","has-post-thumbnail"],"yoast_head":"<!-- This site is optimized with the Yoast SEO plugin v27.4 - https:\/\/yoast.com\/product\/yoast-seo-wordpress\/ -->\n<title>Pol\u00edtica de Privacidade - Happy Coincidences<\/title>\n<meta name=\"robots\" content=\"index, follow, max-snippet:-1, max-image-preview:large, max-video-preview:-1\" \/>\n<link rel=\"canonical\" href=\"https:\/\/happycoincidences.com\/pt-pt\/politica-de-privacidade\/\" \/>\n<meta property=\"og:locale\" content=\"pt_PT\" \/>\n<meta property=\"og:type\" content=\"article\" \/>\n<meta property=\"og:title\" content=\"Pol\u00edtica de Privacidade - Happy Coincidences\" \/>\n<meta property=\"og:description\" content=\"Quem somos Texto sugerido: O endere\u00e7o do nosso website \u00e9: https:\/\/happycoincidences.com. Coment\u00e1rios Texto sugerido: Quando os visitantes deixam coment\u00e1rios no site, recolhemos os dados mostrados no formul\u00e1rio de coment\u00e1rios, bem...\" \/>\n<meta property=\"og:url\" content=\"https:\/\/happycoincidences.com\/pt-pt\/politica-de-privacidade\/\" \/>\n<meta property=\"og:site_name\" content=\"Happy Coincidences\" \/>\n<meta property=\"article:modified_time\" content=\"2025-09-17T15:11:07+00:00\" \/>\n<meta property=\"og:image\" content=\"https:\/\/happycoincidences.com\/wp-content\/uploads\/2025\/09\/Happy-Coincidences-Site-cover-scaled.webp\" \/>\n\t<meta property=\"og:image:width\" content=\"2560\" \/>\n\t<meta property=\"og:image:height\" content=\"1340\" \/>\n\t<meta property=\"og:image:type\" content=\"image\/webp\" \/>\n<meta name=\"twitter:card\" content=\"summary_large_image\" \/>\n<meta name=\"twitter:label1\" content=\"Tempo estimado de leitura\" \/>\n\t<meta name=\"twitter:data1\" content=\"3 minutos\" \/>\n<script type=\"application\/ld+json\" class=\"yoast-schema-graph\">{\"@context\":\"https:\\\/\\\/schema.org\",\"@graph\":[{\"@type\":\"WebPage\",\"@id\":\"https:\\\/\\\/happycoincidences.com\\\/pt-pt\\\/politica-de-privacidade\\\/\",\"url\":\"https:\\\/\\\/happycoincidences.com\\\/pt-pt\\\/politica-de-privacidade\\\/\",\"name\":\"Pol\u00edtica de Privacidade - Happy Coincidences\",\"isPartOf\":{\"@id\":\"https:\\\/\\\/happycoincidences.com\\\/pt-pt\\\/#website\"},\"primaryImageOfPage\":{\"@id\":\"https:\\\/\\\/happycoincidences.com\\\/pt-pt\\\/politica-de-privacidade\\\/#primaryimage\"},\"image\":{\"@id\":\"https:\\\/\\\/happycoincidences.com\\\/pt-pt\\\/politica-de-privacidade\\\/#primaryimage\"},\"thumbnailUrl\":\"https:\\\/\\\/happycoincidences.com\\\/wp-content\\\/uploads\\\/2025\\\/09\\\/Happy-Coincidences-Site-cover-scaled.webp\",\"datePublished\":\"2025-08-26T13:44:47+00:00\",\"dateModified\":\"2025-09-17T15:11:07+00:00\",\"breadcrumb\":{\"@id\":\"https:\\\/\\\/happycoincidences.com\\\/pt-pt\\\/politica-de-privacidade\\\/#breadcrumb\"},\"inLanguage\":\"pt-PT\",\"potentialAction\":[{\"@type\":\"ReadAction\",\"target\":[\"https:\\\/\\\/happycoincidences.com\\\/pt-pt\\\/politica-de-privacidade\\\/\"]}]},{\"@type\":\"ImageObject\",\"inLanguage\":\"pt-PT\",\"@id\":\"https:\\\/\\\/happycoincidences.com\\\/pt-pt\\\/politica-de-privacidade\\\/#primaryimage\",\"url\":\"https:\\\/\\\/happycoincidences.com\\\/wp-content\\\/uploads\\\/2025\\\/09\\\/Happy-Coincidences-Site-cover-scaled.webp\",\"contentUrl\":\"https:\\\/\\\/happycoincidences.com\\\/wp-content\\\/uploads\\\/2025\\\/09\\\/Happy-Coincidences-Site-cover-scaled.webp\",\"width\":2560,\"height\":1340},{\"@type\":\"BreadcrumbList\",\"@id\":\"https:\\\/\\\/happycoincidences.com\\\/pt-pt\\\/politica-de-privacidade\\\/#breadcrumb\",\"itemListElement\":[{\"@type\":\"ListItem\",\"position\":1,\"name\":\"In\u00edcio\",\"item\":\"https:\\\/\\\/happycoincidences.com\\\/pt-pt\\\/\"},{\"@type\":\"ListItem\",\"position\":2,\"name\":\"Pol\u00edtica de Privacidade\"}]},{\"@type\":\"WebSite\",\"@id\":\"https:\\\/\\\/happycoincidences.com\\\/pt-pt\\\/#website\",\"url\":\"https:\\\/\\\/happycoincidences.com\\\/pt-pt\\\/\",\"name\":\"Happy Coincidences\",\"description\":\"\",\"potentialAction\":[{\"@type\":\"SearchAction\",\"target\":{\"@type\":\"EntryPoint\",\"urlTemplate\":\"https:\\\/\\\/happycoincidences.com\\\/pt-pt\\\/?s={search_term_string}\"},\"query-input\":{\"@type\":\"PropertyValueSpecification\",\"valueRequired\":true,\"valueName\":\"search_term_string\"}}],\"inLanguage\":\"pt-PT\"}]}<\/script>\n<!-- \/ Yoast SEO plugin. -->","yoast_head_json":{"title":"Pol\u00edtica de Privacidade - Happy Coincidences","robots":{"index":"index","follow":"follow","max-snippet":"max-snippet:-1","max-image-preview":"max-image-preview:large","max-video-preview":"max-video-preview:-1"},"canonical":"https:\/\/happycoincidences.com\/pt-pt\/politica-de-privacidade\/","og_locale":"pt_PT","og_type":"article","og_title":"Pol\u00edtica de Privacidade - Happy Coincidences","og_description":"Quem somos Texto sugerido: O endere\u00e7o do nosso website \u00e9: https:\/\/happycoincidences.com. Coment\u00e1rios Texto sugerido: Quando os visitantes deixam coment\u00e1rios no site, recolhemos os dados mostrados no formul\u00e1rio de coment\u00e1rios, bem...","og_url":"https:\/\/happycoincidences.com\/pt-pt\/politica-de-privacidade\/","og_site_name":"Happy Coincidences","article_modified_time":"2025-09-17T15:11:07+00:00","og_image":[{"width":2560,"height":1340,"url":"https:\/\/happycoincidences.com\/wp-content\/uploads\/2025\/09\/Happy-Coincidences-Site-cover-scaled.webp","type":"image\/webp"}],"twitter_card":"summary_large_image","twitter_misc":{"Tempo estimado de leitura":"3 minutos"},"schema":{"@context":"https:\/\/schema.org","@graph":[{"@type":"WebPage","@id":"https:\/\/happycoincidences.com\/pt-pt\/politica-de-privacidade\/","url":"https:\/\/happycoincidences.com\/pt-pt\/politica-de-privacidade\/","name":"Pol\u00edtica de Privacidade - Happy Coincidences","isPartOf":{"@id":"https:\/\/happycoincidences.com\/pt-pt\/#website"},"primaryImageOfPage":{"@id":"https:\/\/happycoincidences.com\/pt-pt\/politica-de-privacidade\/#primaryimage"},"image":{"@id":"https:\/\/happycoincidences.com\/pt-pt\/politica-de-privacidade\/#primaryimage"},"thumbnailUrl":"https:\/\/happycoincidences.com\/wp-content\/uploads\/2025\/09\/Happy-Coincidences-Site-cover-scaled.webp","datePublished":"2025-08-26T13:44:47+00:00","dateModified":"2025-09-17T15:11:07+00:00","breadcrumb":{"@id":"https:\/\/happycoincidences.com\/pt-pt\/politica-de-privacidade\/#breadcrumb"},"inLanguage":"pt-PT","potentialAction":[{"@type":"ReadAction","target":["https:\/\/happycoincidences.com\/pt-pt\/politica-de-privacidade\/"]}]},{"@type":"ImageObject","inLanguage":"pt-PT","@id":"https:\/\/happycoincidences.com\/pt-pt\/politica-de-privacidade\/#primaryimage","url":"https:\/\/happycoincidences.com\/wp-content\/uploads\/2025\/09\/Happy-Coincidences-Site-cover-scaled.webp","contentUrl":"https:\/\/happycoincidences.com\/wp-content\/uploads\/2025\/09\/Happy-Coincidences-Site-cover-scaled.webp","width":2560,"height":1340},{"@type":"BreadcrumbList","@id":"https:\/\/happycoincidences.com\/pt-pt\/politica-de-privacidade\/#breadcrumb","itemListElement":[{"@type":"ListItem","position":1,"name":"In\u00edcio","item":"https:\/\/happycoincidences.com\/pt-pt\/"},{"@type":"ListItem","position":2,"name":"Pol\u00edtica de Privacidade"}]},{"@type":"WebSite","@id":"https:\/\/happycoincidences.com\/pt-pt\/#website","url":"https:\/\/happycoincidences.com\/pt-pt\/","name":"Happy Coincidences","description":"","potentialAction":[{"@type":"SearchAction","target":{"@type":"EntryPoint","urlTemplate":"https:\/\/happycoincidences.com\/pt-pt\/?s={search_term_string}"},"query-input":{"@type":"PropertyValueSpecification","valueRequired":true,"valueName":"search_term_string"}}],"inLanguage":"pt-PT"}]}},"_links":{"self":[{"href":"https:\/\/happycoincidences.com\/pt-pt\/wp-json\/wp\/v2\/pages\/1129","targetHints":{"allow":["GET"]}}],"collection":[{"href":"https:\/\/happycoincidences.com\/pt-pt\/wp-json\/wp\/v2\/pages"}],"about":[{"href":"https:\/\/happycoincidences.com\/pt-pt\/wp-json\/wp\/v2\/types\/page"}],"author":[{"embeddable":true,"href":"https:\/\/happycoincidences.com\/pt-pt\/wp-json\/wp\/v2\/users\/1"}],"replies":[{"embeddable":true,"href":"https:\/\/happycoincidences.com\/pt-pt\/wp-json\/wp\/v2\/comments?post=1129"}],"version-history":[{"count":2,"href":"https:\/\/happycoincidences.com\/pt-pt\/wp-json\/wp\/v2\/pages\/1129\/revisions"}],"predecessor-version":[{"id":1143,"href":"https:\/\/happycoincidences.com\/pt-pt\/wp-json\/wp\/v2\/pages\/1129\/revisions\/1143"}],"wp:featuredmedia":[{"embeddable":true,"href":"https:\/\/happycoincidences.com\/pt-pt\/wp-json\/wp\/v2\/media\/973"}],"wp:attachment":[{"href":"https:\/\/happycoincidences.com\/pt-pt\/wp-json\/wp\/v2\/media?parent=1129"}],"curies":[{"name":"wp","href":"https:\/\/api.w.org\/{rel}","templated":true}]}}